{"id":444,"date":"2026-02-14T15:58:43","date_gmt":"2026-02-14T14:58:43","guid":{"rendered":"https:\/\/cgh.paralina.ma\/wp\/?post_type=product&#038;p=444"},"modified":"2026-02-14T15:58:43","modified_gmt":"2026-02-14T14:58:43","slug":"cerave-gel-creme-hydratant-oil-control-visage-peaux-mixtes-a-grasses-52ml","status":"publish","type":"product","link":"https:\/\/cgh.paralina.ma\/wp\/product\/cerave-gel-creme-hydratant-oil-control-visage-peaux-mixtes-a-grasses-52ml\/","title":{"rendered":"CeraVe Gel-Cr\u00e8me Hydratant Oil Control Visage Peaux mixtes \u00e0 grasses | 52ML"},"content":{"rendered":"<p>Caract\u00e9ristiques :<br \/>\nCe soin visage et cou enrichi aux 3 c\u00e9ramides essentiels naturellement pr\u00e9sents dans la peau et \u00e0 l&#8217;acide hyaluronique restaure la barri\u00e8re cutan\u00e9e. Au niacinamide, actif anti-inflammatoire pour apaiser la peau. La Technologie MVE\u00ae, v\u00e9ritable prouesse technique et scientifique, contenu dans le Gel-Cr\u00e8me Hydratant Oil Control permet d&#8217;encapsuler les actifs et de les diffuser de mani\u00e8re prolong\u00e9e dans la peau pour une hydratation toute la journ\u00e9e.<\/p>\n<p>Formules id\u00e9ale pour les peaux mixtes \u00e0 grasses. Sans parfum. Hypoallerg\u00e9nique. Non com\u00e9dog\u00e8ne. Texture l\u00e9g\u00e8re non collante.<\/p>\n<p>S\u00e9curit\u00e9 :<br \/>\n\u2013 Sans parfum.<br \/>\n\u2013 Non com\u00e9dog\u00e8ne.<br \/>\n\u2013 Hypoallerg\u00e9nique.<\/p>\n<p>B\u00e9n\u00e9fices<br \/>\nCette formule est :<br \/>\nId\u00e9ale pour les peaux peaux mixtes \u00e0 grasses<br \/>\nSans parfum, hypoallerg\u00e9nique, non com\u00e9dog\u00e8ne et sa texture est l\u00e9g\u00e8re non collante<br \/>\nD\u00e9velopp\u00e9e avec des dermatologues<\/p>\n<p>Ingr\u00e9dients &amp; Principes Actifs Cl\u00e9s :<br \/>\nNiacinamide : actif anti-inflammatoire pour apaiser la peau<br \/>\nTechnologie MVE\u00ae : diffusion prolong\u00e9e des actifs pour une hydratation continue toute la journ\u00e9e<br \/>\nEnrichie aux 3 c\u00e9ramides essentiels et \u00e0 l&#8217;acide hyaluronique : pour restaurer la barri\u00e8re cutan\u00e9e.<\/p>\n<p>Conseils d&#8217;utilisation :<br \/>\nAppliquer g\u00e9n\u00e9reusement sur le visage et le cou tous les jours.<br \/>\n\u00c9viter le contact direct avec les yeux. En cas de contact, rincer abondamment \u00e0 l&#8217;eau.<br \/>\nLe matin, appliquer ensuite un \u00e9cran solaire \u00e0 large spectre.<\/p>\n<p>Composition :<br \/>\n2021650 31 &#8211; INGREDIENTS: AQUA \/ WATER \u2022 NIACINAMIDE \u2022 GLYCERIN \u2022 CETEARYL ISONONANOATE \u2022 C14-22 ALCOHOLS \u2022 ISOPROPYL MYRISTATE \u2022 ZEA MAYS STARCH \/ CORN STARCH \u2022 CERAMIDE NP \u2022 CERAMIDE AP \u2022 CERAMIDE EOP \u2022 CARBOMER \u2022 CETEARYL ALCOHOL \u2022 BEHENTRIMONIUM METHOSULFATE \u2022 TRIETHYL CITRATE \u2022 SILICA \u2022 SODIUM HYDROXIDE \u2022 SODIUM HYALURONATE \u2022 SODIUM LAUROYL LACTYLATE \u2022 CHOLESTEROL \u2022 PHENOXYETHANOL \u2022 CITRIC ACID \u2022 CAPRYLYL GLYCOL \u2022 TRISODIUM ETHYLENEDIAMINE DISUCCINATE \u2022 XANTHAN GUM \u2022 PHYTOSPHINGOSINE \u2022 POLYACRYLATE CROSSPOLYMER-6 \u2022 BENZOIC ACID \u2022 C12-20 ALKYL GLUCOSIDE (F.I.L. Z70040235\/1).<\/p>\n<p>Veuillez noter que les listes d&#8217;ingr\u00e9dients entrant dans la composition de nos produits sont mises \u00e0 jour r\u00e9guli\u00e8rement. Avant d\u2019utiliser un produit de notre marque, vous \u00eates invit\u00e9.e.s \u00e0 lire la liste d\u2019ingr\u00e9dients figurant sur son emballage afin de vous assurer que les ingr\u00e9dients sont adapt\u00e9s \u00e0 votre utilisation personnelle.<\/p>\n","protected":false},"excerpt":{"rendered":"<p>Caract\u00e9ristiques : Ce soin visage et cou enrichi aux 3 c\u00e9ramides essentiels naturellement pr\u00e9sents dans la peau et \u00e0 l&#8217;acide hyaluronique restaure la barri\u00e8re cutan\u00e9e. Au niacinamide, actif anti-inflammatoire pour apaiser la peau. La Technologie MVE\u00ae, v\u00e9ritable prouesse technique et scientifique, contenu dans le Gel-Cr\u00e8me Hydratant Oil Control permet d&#8217;encapsuler les actifs et de les [&#8230;]\n","protected":false},"featured_media":445,"comment_status":"open","ping_status":"closed","template":"","meta":[],"product_brand":[],"product_cat":[15],"product_tag":[],"class_list":{"0":"post-444","1":"product","2":"type-product","3":"status-publish","4":"has-post-thumbnail","6":"product_cat-uncategorized","8":"first","9":"instock","10":"sale","11":"shipping-taxable","12":"purchasable","13":"product-type-simple"},"_links":{"self":[{"href":"https:\/\/cgh.paralina.ma\/wp\/wp-json\/wp\/v2\/product\/444","targetHints":{"allow":["GET"]}}],"collection":[{"href":"https:\/\/cgh.paralina.ma\/wp\/wp-json\/wp\/v2\/product"}],"about":[{"href":"https:\/\/cgh.paralina.ma\/wp\/wp-json\/wp\/v2\/types\/product"}],"replies":[{"embeddable":true,"href":"https:\/\/cgh.paralina.ma\/wp\/wp-json\/wp\/v2\/comments?post=444"}],"wp:featuredmedia":[{"embeddable":true,"href":"https:\/\/cgh.paralina.ma\/wp\/wp-json\/wp\/v2\/media\/445"}],"wp:attachment":[{"href":"https:\/\/cgh.paralina.ma\/wp\/wp-json\/wp\/v2\/media?parent=444"}],"wp:term":[{"taxonomy":"product_brand","embeddable":true,"href":"https:\/\/cgh.paralina.ma\/wp\/wp-json\/wp\/v2\/product_brand?post=444"},{"taxonomy":"product_cat","embeddable":true,"href":"https:\/\/cgh.paralina.ma\/wp\/wp-json\/wp\/v2\/product_cat?post=444"},{"taxonomy":"product_tag","embeddable":true,"href":"https:\/\/cgh.paralina.ma\/wp\/wp-json\/wp\/v2\/product_tag?post=444"}],"curies":[{"name":"wp","href":"https:\/\/api.w.org\/{rel}","templated":true}]}}