{"id":733,"date":"2026-02-19T13:20:32","date_gmt":"2026-02-19T12:20:32","guid":{"rendered":"https:\/\/cgh.paralina.ma\/wp\/?post_type=product&#038;p=733"},"modified":"2026-02-19T13:20:32","modified_gmt":"2026-02-19T12:20:32","slug":"cerave-gel-moussant-nettoyant-peau-normale-a-grasse-236ml","status":"publish","type":"product","link":"https:\/\/cgh.paralina.ma\/wp\/product\/cerave-gel-moussant-nettoyant-peau-normale-a-grasse-236ml\/","title":{"rendered":"CeraVe Gel Moussant Nettoyant Peau Normale \u00e0 Grasse | 236ml"},"content":{"rendered":"<p><strong>Caract\u00e9ristiques :<\/strong><\/p>\n<p>&nbsp;<\/p>\n<p>D\u00e9velopp\u00e9 avec des dermatologues, le Gel Moussant CeraVe nettoie en douceur, purifie en profondeur sans alt\u00e9rer la barri\u00e8re naturelle de la peau. Ce gel purifiant, aux 3 c\u00e9ramides essentiels, \u00e0 l&#8217;acide hyaluronique et \u00e0 la niacinamide, r\u00e9duit efficacement l&#8217;exc\u00e8s de s\u00e9bum, les impuret\u00e9s et le maquillage pour un fini doux.<\/p>\n<p>&#8211; Texture gel fra\u00eeche moussante et purifiante.<\/p>\n<p>&nbsp;<\/p>\n<p><strong>S\u00e9curit\u00e9 :\u00a0<\/strong><\/p>\n<p>&nbsp;<\/p>\n<p>&#8211; Sans Parfum.<\/p>\n<p>&#8211; Hypoallerg\u00e9nique.<\/p>\n<p>&#8211; Test\u00e9 sous contr\u00f4le dermatologique.<\/p>\n<p>&#8211; Non-Com\u00e9dog\u00e8ne : ne bouche pas les pores.<\/p>\n<p>&nbsp;<\/p>\n<p><strong>Ingr\u00e9dients &amp; Principes Actifs Cl\u00e9s :<\/strong><\/p>\n<p>&nbsp;<\/p>\n<p>&#8211; 3 C\u00e9ramides Essentiels : tous les produits CeraVe contiennent les 3 c\u00e9ramides essentiels (1, 3 et 6-II) dont une peau saine a besoin pour restaurer et maintenir sa barri\u00e8re protectrice naturelle.<\/p>\n<p>&#8211; Technologie brevet\u00e9e de diffusion MVE : lib\u00e9ration contr\u00f4l\u00e9e et prolong\u00e9e d&#8217;actifs pour une hydratation continue pendant 24h.<\/p>\n<p>&#8211; Acide hyaluronique : maintient l&#8217;hydratation naturelle de la peau.<\/p>\n<p>&#8211; Niacinamide (Vitamine B3) : aide \u00e0 apaiser la peau.<\/p>\n<p>&nbsp;<\/p>\n<p><strong>Conseils d&#8217;Utilisation :\u00a0<\/strong><\/p>\n<p>&nbsp;<\/p>\n<p>&#8211; Appliquez quotidiennement le matin comme un produit nettoyant et le soir, apr\u00e8s son d\u00e9maquillage.<\/p>\n<p>&#8211; Humidifiez votre peau puis d\u00e9posez une pression du gel moussant dans le creux de votre main et faites mousser en massant d\u00e9licatement votre visage et votre cou par petits mouvements circulaires. Insister sur le front, le nez et le menton pour \u00e9liminer l\u2019exc\u00e8s de s\u00e9bum. Eviter le contour des yeux.<\/p>\n<p>&#8211; Ensuite, rincer abondamment \u00e0 l\u2019eau claire.<\/p>\n<p>Parfaitement nettoy\u00e9e et purifi\u00e9e en douceur, votre peau est pr\u00eate \u00e0 recevoir vos soins. Pour une routine compl\u00e8te, utiliser la Cr\u00e8me Hydratante Visage CeraVe.<\/p>\n<p>&nbsp;<\/p>\n<p><strong>Composition :\u00a0<\/strong><\/p>\n<p>&nbsp;<\/p>\n<p>AQUA\/WATER, GLYCERIN, COCO-BETAINE, PROPYLENE GLYCOL, SODIUM COCOYL GLYCINATE, PEG-120 METHYL GLUCOSE DIOLEATE, SODIUM CHLORIDE, ACRYLATES COPOLYMER, CITRIC ACID, CAPRYLOYL GLYCINE, CAPRYLYL GLYCOL, SODIUM HYDROXIDE, NIACINAMIDE, DISODIUM EDTA, SODIUM HYALURONATE, SODIUM LAUROYL LACTYLATE, CERAMIDE NP, PHENOXYETHANOL, CERAMIDE AP, PHYTOSPHINGOSINE, CHOLESTEROL, XANTHAN GUM, CARBOMER, ETHYLHEXYLGLYCERIN, CERAMIDE EOP.<\/p>\n<p>Les listes d\u2019ingr\u00e9dients entrant dans la composition des produits de notre marque sont r\u00e9guli\u00e8rement mises \u00e0 jour. Avant d\u2019utiliser un produit de notre marque, vous \u00eates invit\u00e9s \u00e0 lire la liste d\u2019ingr\u00e9dients figurant sur son emballage afin de vous assurer que les ingr\u00e9dients sont adapt\u00e9s \u00e0 votre utilisation personnelle.<\/p>\n","protected":false},"excerpt":{"rendered":"<p>Caract\u00e9ristiques : &nbsp; D\u00e9velopp\u00e9 avec des dermatologues, le Gel Moussant CeraVe nettoie en douceur, purifie en profondeur sans alt\u00e9rer la barri\u00e8re naturelle de la peau. Ce gel purifiant, aux 3 c\u00e9ramides essentiels, \u00e0 l&#8217;acide hyaluronique et \u00e0 la niacinamide, r\u00e9duit efficacement l&#8217;exc\u00e8s de s\u00e9bum, les impuret\u00e9s et le maquillage pour un fini doux. &#8211; Texture [&#8230;]\n","protected":false},"featured_media":734,"comment_status":"open","ping_status":"closed","template":"","meta":[],"product_brand":[],"product_cat":[15],"product_tag":[],"class_list":{"0":"post-733","1":"product","2":"type-product","3":"status-publish","4":"has-post-thumbnail","6":"product_cat-uncategorized","8":"first","9":"instock","10":"sale","11":"shipping-taxable","12":"purchasable","13":"product-type-simple"},"_links":{"self":[{"href":"https:\/\/cgh.paralina.ma\/wp\/wp-json\/wp\/v2\/product\/733","targetHints":{"allow":["GET"]}}],"collection":[{"href":"https:\/\/cgh.paralina.ma\/wp\/wp-json\/wp\/v2\/product"}],"about":[{"href":"https:\/\/cgh.paralina.ma\/wp\/wp-json\/wp\/v2\/types\/product"}],"replies":[{"embeddable":true,"href":"https:\/\/cgh.paralina.ma\/wp\/wp-json\/wp\/v2\/comments?post=733"}],"wp:featuredmedia":[{"embeddable":true,"href":"https:\/\/cgh.paralina.ma\/wp\/wp-json\/wp\/v2\/media\/734"}],"wp:attachment":[{"href":"https:\/\/cgh.paralina.ma\/wp\/wp-json\/wp\/v2\/media?parent=733"}],"wp:term":[{"taxonomy":"product_brand","embeddable":true,"href":"https:\/\/cgh.paralina.ma\/wp\/wp-json\/wp\/v2\/product_brand?post=733"},{"taxonomy":"product_cat","embeddable":true,"href":"https:\/\/cgh.paralina.ma\/wp\/wp-json\/wp\/v2\/product_cat?post=733"},{"taxonomy":"product_tag","embeddable":true,"href":"https:\/\/cgh.paralina.ma\/wp\/wp-json\/wp\/v2\/product_tag?post=733"}],"curies":[{"name":"wp","href":"https:\/\/api.w.org\/{rel}","templated":true}]}}